{"id":242,"date":"2020-10-24T03:09:18","date_gmt":"2020-10-24T03:09:18","guid":{"rendered":"http:\/\/www.lahokoski-linguistics.com\/home-finnish\/"},"modified":"2024-01-24T14:21:31","modified_gmt":"2024-01-24T14:21:31","slug":"home-fi","status":"publish","type":"page","link":"https:\/\/www.lahokoski-linguistics.com\/fi\/","title":{"rendered":"Home"},"content":{"rendered":"<section class=\"l-section wpb_row height_large color_primary with_img\"><div class=\"l-section-img\" data-img-width=\"1000\" data-img-height=\"563\" style=\"background-image: url(https:\/\/www.lahokoski-linguistics.com\/wp-content\/uploads\/2020\/10\/female-gamer-LED.jpg);\"><\/div><div class=\"l-section-overlay\" style=\"background:rgba(26,26,26,0.66)\"><\/div><div class=\"l-section-h i-cf\"><div class=\"g-cols vc_row via_flex valign_middle type_default stacking_default\"><div class=\"vc_col-sm-8 wpb_column vc_column_container\"><div class=\"vc_column-inner\"><div class=\"wpb_wrapper\"><div class=\"wpb_text_column\"><div class=\"wpb_wrapper\"><h1 class=\"main_title\">P\u00e4tev\u00e4\u00e4 ja k\u00e4tev\u00e4\u00e4 k\u00e4\u00e4nn\u00f6s- ja kielipalvelua<\/h1>\n<h3>Lahokoski Linguistics tarjoaa ammattitaitoista k\u00e4\u00e4nn\u00f6s-, lokalisointi- ja kielentarkistuspalvelua, kone- ja teko\u00e4lyk\u00e4\u00e4nn\u00f6sten tarkistusta sek\u00e4 lokalisointitestausta. Tarjoamme k\u00e4\u00e4nn\u00f6ksi\u00e4 englannin, saksan, espanjan ja ruotsin kielest\u00e4 suomeen sek\u00e4 suomen kielest\u00e4 espanjaan.<\/h3>\n<\/div><\/div><\/div><\/div><\/div><div class=\"vc_col-sm-4 wpb_column vc_column_container\"><div class=\"vc_column-inner\"><div class=\"wpb_wrapper\"><\/div><\/div><\/div><\/div><\/div><\/section><section class=\"l-section wpb_row height_medium\"><div class=\"l-section-h i-cf\"><div class=\"g-cols vc_row via_flex valign_middle type_default stacking_default\"><div class=\"vc_col-sm-6 wpb_column vc_column_container\"><div class=\"vc_column-inner\"><div class=\"wpb_wrapper\"><div class=\"wpb_text_column\"><div class=\"wpb_wrapper\"><h2>Laatua lokalisointiin \u2013 IT- ja pelik\u00e4\u00e4nn\u00f6kset<\/h2>\n<p>Lahokoski Linguistics on vuonna 2005 perustettu suomalainen k\u00e4\u00e4nt\u00e4miseen ja lokalisointiin erikoistunut pienyritys. Erikoisaloihimme lukeutuvat videopelien ja ohjelmistojen lokalisointi sek\u00e4 muun muassa viihde-elektroniikkaan ja toimistolaitteisiin liittyv\u00e4t k\u00e4\u00e4nn\u00f6kset englannista, saksasta, espanjasta ja ruotsista suomeksi ja suomesta espanjaksi.<\/p>\n<p>Tarjoamme my\u00f6s oikoluku- ja kielentarkistuspalvelua.<\/p>\n<\/div><\/div><\/div><\/div><\/div><div class=\"vc_col-sm-6 wpb_column vc_column_container\"><div class=\"vc_column-inner\"><div class=\"wpb_wrapper\"><section class=\"l-section wpb_row height_auto width_full\"><div class=\"l-section-overlay\" style=\"background:#249EA0\"><\/div><div class=\"l-section-h i-cf\"><div class=\"g-cols vc_row via_flex valign_middle type_boxes stacking_default\"><div class=\"vc_col-sm-6 wpb_column vc_column_container\"><div class=\"vc_column-inner\"><div class=\"wpb_wrapper\"><div class=\"wpb_text_column us_custom_6df4bc3a has_text_color\"><div class=\"wpb_wrapper\"><h3 style=\"text-align: center;\">Englanti<\/h3>\n<\/div><\/div><\/div><\/div><\/div><div class=\"vc_col-sm-6 wpb_column vc_column_container\"><div class=\"vc_column-inner\"><div class=\"wpb_wrapper\"><div class=\"wpb_text_column us_custom_6df4bc3a has_text_color\"><div class=\"wpb_wrapper\"><h3 style=\"text-align: center;\">Suomi<\/h3>\n<\/div><\/div><\/div><\/div><\/div><\/div><\/div><\/section><section class=\"l-section wpb_row height_auto width_full\"><div class=\"l-section-overlay\" style=\"background:#008083\"><\/div><div class=\"l-section-h i-cf\"><div class=\"g-cols vc_row via_flex valign_middle type_boxes stacking_default\"><div class=\"vc_col-sm-6 wpb_column vc_column_container\"><div class=\"vc_column-inner\"><div class=\"wpb_wrapper\"><div class=\"wpb_text_column us_custom_6df4bc3a has_text_color\"><div class=\"wpb_wrapper\"><h3 style=\"text-align: center;\">Saksa<\/h3>\n<\/div><\/div><\/div><\/div><\/div><div class=\"vc_col-sm-6 wpb_column vc_column_container\"><div class=\"vc_column-inner\"><div class=\"wpb_wrapper\"><div class=\"wpb_text_column us_custom_6df4bc3a has_text_color\"><div class=\"wpb_wrapper\"><h3 style=\"text-align: center;\">Espanja<\/h3>\n<\/div><\/div><\/div><\/div><\/div><\/div><\/div><\/section><section class=\"l-section wpb_row height_auto width_full\"><div class=\"l-section-overlay\" style=\"background:#005F60\"><\/div><div class=\"l-section-h i-cf\"><div class=\"g-cols vc_row via_flex valign_middle type_boxes stacking_default\"><div class=\"vc_col-sm-6 wpb_column vc_column_container\"><div class=\"vc_column-inner\"><div class=\"wpb_wrapper\"><div class=\"wpb_text_column us_custom_6df4bc3a has_text_color\"><div class=\"wpb_wrapper\"><h3 style=\"text-align: center;\">Ruotsi<\/h3>\n<\/div><\/div><\/div><\/div><\/div><div class=\"vc_col-sm-6 wpb_column vc_column_container\"><div class=\"vc_column-inner\"><div class=\"wpb_wrapper\"><div class=\"w-iconbox iconpos_top style_default color_custom align_center no_title no_text\"><div class=\"w-iconbox-icon\" style=\"font-size:3rem;--icon-color:#ffffff;\"><i class=\"fal fa-globe\"><\/i><\/div><div class=\"w-iconbox-meta\"><\/div><\/div><\/div><\/div><\/div><\/div><\/div><\/section>\n<\/div><\/div><\/div><\/div><\/div><\/section><section class=\"l-section wpb_row height_medium\"><div class=\"l-section-h i-cf\"><div class=\"g-cols vc_row via_flex valign_middle type_default stacking_default\"><div class=\"vc_col-sm-6 wpb_column vc_column_container\"><div class=\"vc_column-inner\"><div class=\"wpb_wrapper\"><div class=\"wpb_text_column\"><div class=\"wpb_wrapper\"><h2>Laatua ja luotettavaa palvelua<\/h2>\n<p>Lahokoski Linguistics on ylpe\u00e4 osaamisestaan ja pyrkii aina luomaan pitk\u00e4aikaisia yhteisty\u00f6suhteita asiakkaidensa kanssa toimittamalla aina erinomaista laatua tiukoillakin aikatauluilla.<\/p>\n<p>Ajanmukaisten k\u00e4\u00e4nn\u00f6sohjelmistojen ansiosta pystymme k\u00e4sittelem\u00e4\u00e4n monia eri tiedostotyyppej\u00e4 ja varmistamaan k\u00e4\u00e4nn\u00f6sten yhdenmukaisuuden sek\u00e4 yksitt\u00e4isiss\u00e4 projekteissa ett\u00e4 projektien v\u00e4lill\u00e4. Jokainen ty\u00f6 k\u00e4sitell\u00e4\u00e4n huolellisesti ja luottamuksellisesti.<\/p>\n<p>Tilauksesta voimme j\u00e4rjest\u00e4\u00e4 k\u00e4\u00e4nn\u00f6ksillemme ulkopuolisen oikolukijan.<\/p>\n<\/div><\/div><\/div><\/div><\/div><div class=\"vc_col-sm-6 wpb_column vc_column_container\"><div class=\"vc_column-inner\"><div class=\"wpb_wrapper\"><section class=\"l-section wpb_row height_auto width_full\"><div class=\"l-section-overlay\" style=\"background:#249EA0\"><\/div><div class=\"l-section-h i-cf\"><div class=\"g-cols vc_row via_flex valign_middle type_boxes stacking_default\"><div class=\"vc_col-sm-6 wpb_column vc_column_container\"><div class=\"vc_column-inner\"><div class=\"wpb_wrapper\"><div class=\"wpb_text_column us_custom_6df4bc3a has_text_color\"><div class=\"wpb_wrapper\"><h3 style=\"text-align: center;\">Ohjelmistojen lokalisointi<\/h3>\n<\/div><\/div><\/div><\/div><\/div><div class=\"vc_col-sm-6 wpb_column vc_column_container\"><div class=\"vc_column-inner\"><div class=\"wpb_wrapper\"><div class=\"wpb_text_column us_custom_6df4bc3a has_text_color\"><div class=\"wpb_wrapper\"><h4 style=\"text-align: center;\">Videopelien lokalisointi<\/h4>\n<\/div><\/div><\/div><\/div><\/div><\/div><\/div><\/section><section class=\"l-section wpb_row height_auto width_full\"><div class=\"l-section-overlay\" style=\"background:#008083\"><\/div><div class=\"l-section-h i-cf\"><div class=\"g-cols vc_row via_flex valign_middle type_boxes stacking_default\"><div class=\"vc_col-sm-6 wpb_column vc_column_container\"><div class=\"vc_column-inner\"><div class=\"wpb_wrapper\"><div class=\"wpb_text_column us_custom_6df4bc3a has_text_color\"><div class=\"wpb_wrapper\"><h4 style=\"text-align: center;\">Tietokoneet ja oheislaitteet<\/h4>\n<\/div><\/div><\/div><\/div><\/div><div class=\"vc_col-sm-6 wpb_column vc_column_container\"><div class=\"vc_column-inner\"><div class=\"wpb_wrapper\"><div class=\"wpb_text_column us_custom_6df4bc3a has_text_color\"><div class=\"wpb_wrapper\"><h3 style=\"text-align: center;\">Toimistolaitteet<\/h3>\n<\/div><\/div><\/div><\/div><\/div><\/div><\/div><\/section><section class=\"l-section wpb_row height_auto width_full\"><div class=\"l-section-overlay\" style=\"background:#005F60\"><\/div><div class=\"l-section-h i-cf\"><div class=\"g-cols vc_row via_flex valign_middle type_boxes stacking_default\"><div class=\"vc_col-sm-6 wpb_column vc_column_container\"><div class=\"vc_column-inner\"><div class=\"wpb_wrapper\"><div class=\"wpb_text_column us_custom_6df4bc3a has_text_color\"><div class=\"wpb_wrapper\"><h3 style=\"text-align: center;\">Viihde-elektroniikka<\/h3>\n<\/div><\/div><\/div><\/div><\/div><div class=\"vc_col-sm-6 wpb_column vc_column_container\"><div class=\"vc_column-inner\"><div class=\"wpb_wrapper\"><div class=\"wpb_text_column us_custom_6df4bc3a has_text_color\"><div class=\"wpb_wrapper\"><h3 style=\"text-align: center;\">Verkkosivustot<\/h3>\n<\/div><\/div><\/div><\/div><\/div><\/div><\/div><\/section>\n<\/div><\/div><\/div><\/div><\/div><\/section><section class=\"l-section wpb_row height_medium\"><div class=\"l-section-h i-cf\"><div class=\"g-cols vc_row via_flex valign_middle type_default stacking_default\"><div class=\"vc_col-sm-6 wpb_column vc_column_container\"><div class=\"vc_column-inner\"><div class=\"wpb_wrapper\"><div class=\"wpb_text_column\"><div class=\"wpb_wrapper\"><h2>Videopelit, ohjelmistot, nettisivut, IT<\/h2>\n<p>Lahokoski Linguistics k\u00e4\u00e4nt\u00e4\u00e4 useiden eri alojen tekstej\u00e4. Meille mieluisinta aihepiiri\u00e4 on kuitenkin jatkuvasti kasvava IT- ja teknologia-ala, erityisesti tietokone-, konsoli- ja mobiilipelien sek\u00e4 ohjelmistojen lokalisointi. Lokalisoimme esimerkiksi k\u00e4ytt\u00f6liittym\u00e4tekstej\u00e4, laiteohjelmistoja, videopelej\u00e4 ja verkkosivustoja. K\u00e4\u00e4nn\u00e4mme my\u00f6s erilaisia k\u00e4ytt\u00f6ohjeita, tuoteluetteloja, markkinointiblogeja ja esitteit\u00e4. Voimme my\u00f6s auttaa ohjelmistojen ja pelien lokalisoinnin testauksessa.<\/p>\n<\/div><\/div><\/div><\/div><\/div><div class=\"vc_col-sm-6 wpb_column vc_column_container\"><div class=\"vc_column-inner\"><div class=\"wpb_wrapper\"><div class=\"w-image style_shadow-2 has_ratio align_center\"><div class=\"w-image-h\"><div style=\"padding-bottom:100%\"><\/div><div class=\"w-image-shadow\" style=\"background-image:url(https:\/\/www.lahokoski-linguistics.com\/wp-content\/uploads\/2020\/10\/finland-gaming.jpg);\"><\/div><img loading=\"lazy\" decoding=\"async\" width=\"1000\" height=\"662\" src=\"https:\/\/www.lahokoski-linguistics.com\/wp-content\/uploads\/2020\/10\/finland-gaming.jpg\" class=\"attachment-full size-full\" alt=\"Illustration of a gaming mouse over a Finnish flag\" srcset=\"https:\/\/www.lahokoski-linguistics.com\/wp-content\/uploads\/2020\/10\/finland-gaming.jpg 1000w, https:\/\/www.lahokoski-linguistics.com\/wp-content\/uploads\/2020\/10\/finland-gaming-300x199.jpg 300w\" sizes=\"auto, (max-width: 1000px) 100vw, 1000px\" \/><\/div><\/div><\/div><\/div><\/div><\/div><\/div><\/section>\n","protected":false},"excerpt":{"rendered":"P\u00e4tev\u00e4\u00e4 ja k\u00e4tev\u00e4\u00e4 k\u00e4\u00e4nn\u00f6s- ja kielipalvelua Lahokoski Linguistics tarjoaa ammattitaitoista k\u00e4\u00e4nn\u00f6s-, lokalisointi- ja kielentarkistuspalvelua, kone- ja teko\u00e4lyk\u00e4\u00e4nn\u00f6sten tarkistusta sek\u00e4 lokalisointitestausta. Tarjoamme k\u00e4\u00e4nn\u00f6ksi\u00e4 englannin, saksan, espanjan ja ruotsin kielest\u00e4 suomeen sek\u00e4 suomen kielest\u00e4 espanjaan. Laatua lokalisointiin \u2013 IT- ja pelik\u00e4\u00e4nn\u00f6kset Lahokoski Linguistics on vuonna 2005 perustettu suomalainen k\u00e4\u00e4nt\u00e4miseen ja lokalisointiin erikoistunut pienyritys. Erikoisaloihimme lukeutuvat videopelien ja...","protected":false},"author":1,"featured_media":0,"parent":0,"menu_order":0,"comment_status":"closed","ping_status":"closed","template":"","meta":{"footnotes":""},"class_list":["post-242","page","type-page","status-publish","hentry"],"yoast_head":"<!-- This site is optimized with the Yoast SEO plugin v24.6 - https:\/\/yoast.com\/wordpress\/plugins\/seo\/ -->\n<title>Home - Lahokoski Linguistics<\/title>\n<meta name=\"robots\" content=\"index, follow, max-snippet:-1, max-image-preview:large, max-video-preview:-1\" \/>\n<link rel=\"canonical\" href=\"https:\/\/www.lahokoski-linguistics.com\/fi\/\" \/>\n<meta property=\"og:locale\" content=\"fi_FI\" \/>\n<meta property=\"og:type\" content=\"article\" \/>\n<meta property=\"og:title\" content=\"Home - Lahokoski Linguistics\" \/>\n<meta property=\"og:url\" content=\"https:\/\/www.lahokoski-linguistics.com\/fi\/\" \/>\n<meta property=\"og:site_name\" content=\"Lahokoski Linguistics\" \/>\n<meta property=\"article:modified_time\" content=\"2024-01-24T14:21:31+00:00\" \/>\n<meta name=\"twitter:card\" content=\"summary_large_image\" \/>\n<meta name=\"twitter:label1\" content=\"Arvioitu lukuaika\" \/>\n\t<meta name=\"twitter:data1\" content=\"2 minuuttia\" \/>\n<script type=\"application\/ld+json\" class=\"yoast-schema-graph\">{\"@context\":\"https:\/\/schema.org\",\"@graph\":[{\"@type\":\"WebPage\",\"@id\":\"https:\/\/www.lahokoski-linguistics.com\/fi\/\",\"url\":\"https:\/\/www.lahokoski-linguistics.com\/fi\/\",\"name\":\"Home - Lahokoski Linguistics\",\"isPartOf\":{\"@id\":\"https:\/\/www.lahokoski-linguistics.com\/#website\"},\"datePublished\":\"2020-10-24T03:09:18+00:00\",\"dateModified\":\"2024-01-24T14:21:31+00:00\",\"breadcrumb\":{\"@id\":\"https:\/\/www.lahokoski-linguistics.com\/fi\/#breadcrumb\"},\"inLanguage\":\"fi\",\"potentialAction\":[{\"@type\":\"ReadAction\",\"target\":[\"https:\/\/www.lahokoski-linguistics.com\/fi\/\"]}]},{\"@type\":\"BreadcrumbList\",\"@id\":\"https:\/\/www.lahokoski-linguistics.com\/fi\/#breadcrumb\",\"itemListElement\":[{\"@type\":\"ListItem\",\"position\":1,\"name\":\"Home\",\"item\":\"https:\/\/www.lahokoski-linguistics.com\/fi\/\"},{\"@type\":\"ListItem\",\"position\":2,\"name\":\"Home\"}]},{\"@type\":\"WebSite\",\"@id\":\"https:\/\/www.lahokoski-linguistics.com\/#website\",\"url\":\"https:\/\/www.lahokoski-linguistics.com\/\",\"name\":\"Lahokoski Linguistics\",\"description\":\"Finn-tastic Localization services since 2005\",\"publisher\":{\"@id\":\"https:\/\/www.lahokoski-linguistics.com\/#organization\"},\"potentialAction\":[{\"@type\":\"SearchAction\",\"target\":{\"@type\":\"EntryPoint\",\"urlTemplate\":\"https:\/\/www.lahokoski-linguistics.com\/?s={search_term_string}\"},\"query-input\":{\"@type\":\"PropertyValueSpecification\",\"valueRequired\":true,\"valueName\":\"search_term_string\"}}],\"inLanguage\":\"fi\"},{\"@type\":\"Organization\",\"@id\":\"https:\/\/www.lahokoski-linguistics.com\/#organization\",\"name\":\"Lahokoski Linguistics\",\"url\":\"https:\/\/www.lahokoski-linguistics.com\/\",\"logo\":{\"@type\":\"ImageObject\",\"inLanguage\":\"fi\",\"@id\":\"https:\/\/www.lahokoski-linguistics.com\/#\/schema\/logo\/image\/\",\"url\":\"https:\/\/www.lahokoski-linguistics.com\/wp-content\/uploads\/2020\/10\/LL-logo_textonly.png\",\"contentUrl\":\"https:\/\/www.lahokoski-linguistics.com\/wp-content\/uploads\/2020\/10\/LL-logo_textonly.png\",\"width\":845,\"height\":279,\"caption\":\"Lahokoski Linguistics\"},\"image\":{\"@id\":\"https:\/\/www.lahokoski-linguistics.com\/#\/schema\/logo\/image\/\"},\"sameAs\":[\"https:\/\/www.linkedin.com\/in\/lahokoski\/\"]}]}<\/script>\n<!-- \/ Yoast SEO plugin. -->","yoast_head_json":{"title":"Home - Lahokoski Linguistics","robots":{"index":"index","follow":"follow","max-snippet":"max-snippet:-1","max-image-preview":"max-image-preview:large","max-video-preview":"max-video-preview:-1"},"canonical":"https:\/\/www.lahokoski-linguistics.com\/fi\/","og_locale":"fi_FI","og_type":"article","og_title":"Home - Lahokoski Linguistics","og_url":"https:\/\/www.lahokoski-linguistics.com\/fi\/","og_site_name":"Lahokoski Linguistics","article_modified_time":"2024-01-24T14:21:31+00:00","twitter_card":"summary_large_image","twitter_misc":{"Arvioitu lukuaika":"2 minuuttia"},"schema":{"@context":"https:\/\/schema.org","@graph":[{"@type":"WebPage","@id":"https:\/\/www.lahokoski-linguistics.com\/fi\/","url":"https:\/\/www.lahokoski-linguistics.com\/fi\/","name":"Home - Lahokoski Linguistics","isPartOf":{"@id":"https:\/\/www.lahokoski-linguistics.com\/#website"},"datePublished":"2020-10-24T03:09:18+00:00","dateModified":"2024-01-24T14:21:31+00:00","breadcrumb":{"@id":"https:\/\/www.lahokoski-linguistics.com\/fi\/#breadcrumb"},"inLanguage":"fi","potentialAction":[{"@type":"ReadAction","target":["https:\/\/www.lahokoski-linguistics.com\/fi\/"]}]},{"@type":"BreadcrumbList","@id":"https:\/\/www.lahokoski-linguistics.com\/fi\/#breadcrumb","itemListElement":[{"@type":"ListItem","position":1,"name":"Home","item":"https:\/\/www.lahokoski-linguistics.com\/fi\/"},{"@type":"ListItem","position":2,"name":"Home"}]},{"@type":"WebSite","@id":"https:\/\/www.lahokoski-linguistics.com\/#website","url":"https:\/\/www.lahokoski-linguistics.com\/","name":"Lahokoski Linguistics","description":"Finn-tastic Localization services since 2005","publisher":{"@id":"https:\/\/www.lahokoski-linguistics.com\/#organization"},"potentialAction":[{"@type":"SearchAction","target":{"@type":"EntryPoint","urlTemplate":"https:\/\/www.lahokoski-linguistics.com\/?s={search_term_string}"},"query-input":{"@type":"PropertyValueSpecification","valueRequired":true,"valueName":"search_term_string"}}],"inLanguage":"fi"},{"@type":"Organization","@id":"https:\/\/www.lahokoski-linguistics.com\/#organization","name":"Lahokoski Linguistics","url":"https:\/\/www.lahokoski-linguistics.com\/","logo":{"@type":"ImageObject","inLanguage":"fi","@id":"https:\/\/www.lahokoski-linguistics.com\/#\/schema\/logo\/image\/","url":"https:\/\/www.lahokoski-linguistics.com\/wp-content\/uploads\/2020\/10\/LL-logo_textonly.png","contentUrl":"https:\/\/www.lahokoski-linguistics.com\/wp-content\/uploads\/2020\/10\/LL-logo_textonly.png","width":845,"height":279,"caption":"Lahokoski Linguistics"},"image":{"@id":"https:\/\/www.lahokoski-linguistics.com\/#\/schema\/logo\/image\/"},"sameAs":["https:\/\/www.linkedin.com\/in\/lahokoski\/"]}]}},"_links":{"self":[{"href":"https:\/\/www.lahokoski-linguistics.com\/fi\/wp-json\/wp\/v2\/pages\/242","targetHints":{"allow":["GET"]}}],"collection":[{"href":"https:\/\/www.lahokoski-linguistics.com\/fi\/wp-json\/wp\/v2\/pages"}],"about":[{"href":"https:\/\/www.lahokoski-linguistics.com\/fi\/wp-json\/wp\/v2\/types\/page"}],"author":[{"embeddable":true,"href":"https:\/\/www.lahokoski-linguistics.com\/fi\/wp-json\/wp\/v2\/users\/1"}],"replies":[{"embeddable":true,"href":"https:\/\/www.lahokoski-linguistics.com\/fi\/wp-json\/wp\/v2\/comments?post=242"}],"version-history":[{"count":10,"href":"https:\/\/www.lahokoski-linguistics.com\/fi\/wp-json\/wp\/v2\/pages\/242\/revisions"}],"predecessor-version":[{"id":353,"href":"https:\/\/www.lahokoski-linguistics.com\/fi\/wp-json\/wp\/v2\/pages\/242\/revisions\/353"}],"wp:attachment":[{"href":"https:\/\/www.lahokoski-linguistics.com\/fi\/wp-json\/wp\/v2\/media?parent=242"}],"curies":[{"name":"wp","href":"https:\/\/api.w.org\/{rel}","templated":true}]}}