{"id":285,"date":"2020-11-04T17:49:29","date_gmt":"2020-11-04T17:49:29","guid":{"rendered":"http:\/\/www.lahokoski-linguistics.com\/miksi-valitsisit-meidat\/"},"modified":"2024-02-12T12:33:24","modified_gmt":"2024-02-12T12:33:24","slug":"miksi-valitsisit-meidat","status":"publish","type":"page","link":"https:\/\/www.lahokoski-linguistics.com\/fi\/miksi-valitsisit-meidat\/","title":{"rendered":"Miksi valitsisit meid\u00e4t"},"content":{"rendered":"<section class=\"l-section wpb_row height_large color_primary with_img\"><div class=\"l-section-img\" data-img-width=\"1024\" data-img-height=\"682\" style=\"background-image: url(https:\/\/www.lahokoski-linguistics.com\/wp-content\/uploads\/2020\/10\/female-workstation-1.jpg);\"><\/div><div class=\"l-section-overlay\" style=\"background:rgba(26,26,26,0.65)\"><\/div><div class=\"l-section-h i-cf\"><div class=\"g-cols vc_row via_flex valign_top type_default stacking_default\"><div class=\"vc_col-sm-8 wpb_column vc_column_container\"><div class=\"vc_column-inner\"><div class=\"wpb_wrapper\"><div class=\"wpb_text_column\"><div class=\"wpb_wrapper\"><h1>Keskitymme vahvuuksiimme<\/h1>\n<h3>Pid\u00e4mme ty\u00f6st\u00e4mme ja tunnemme omat vahvuutemme. Otammekin vastaan vain toimeksiantoja, jotka pystymme varmasti toteuttamaan laadukkaasti ja halutussa aikataulussa.<\/h3>\n<\/div><\/div><\/div><\/div><\/div><div class=\"vc_col-sm-4 wpb_column vc_column_container\"><div class=\"vc_column-inner\"><div class=\"wpb_wrapper\"><\/div><\/div><\/div><\/div><\/div><\/section><section class=\"l-section wpb_row height_small\"><div class=\"l-section-h i-cf\"><div class=\"g-cols vc_row via_flex valign_middle type_boxes stacking_default\"><div class=\"vc_col-sm-6 wpb_column vc_column_container\"><div class=\"vc_column-inner\"><div class=\"wpb_wrapper\"><div class=\"wpb_text_column\"><div class=\"wpb_wrapper\"><h3>Yli 18 vuoden vankka kokemus<\/h3>\n<p>Lahokoski Linguistics on tarjonnut k\u00e4\u00e4nn\u00f6spalvelua vuodesta 2005 l\u00e4htien ja solminut vuosien varrella lukuisia pitk\u00e4aikaisia asiakassuhteita. Tyytyv\u00e4iset asiakkaat ovat meille kunnia-asia! \u00c4l\u00e4 toki tyydy vain meid\u00e4n sanaamme, vaan lue sivun alaosasta asiakkaidemme antamaa palautetta.<\/p>\n<\/div><\/div><\/div><\/div><\/div><div class=\"vc_col-sm-6 wpb_column vc_column_container\"><div class=\"vc_column-inner\"><div class=\"wpb_wrapper\"><div class=\"wpb_text_column\"><div class=\"wpb_wrapper\"><h3>Luotettava k\u00e4\u00e4nt\u00e4j\u00e4verkosto<\/h3>\n<p>Jos tarvitset k\u00e4\u00e4nn\u00f6ksen useille kielille, voimme j\u00e4rjest\u00e4\u00e4 projektille monikielisen k\u00e4\u00e4nt\u00e4j\u00e4tiimin. Kaikki k\u00e4ytt\u00e4m\u00e4mme k\u00e4\u00e4nt\u00e4j\u00e4t ovat meille henkil\u00f6kohtaisesti tuttuja, luotettaviksi toteamiamme ammattilaisia, joita voimme suositella hyvin mielin.<\/p>\n<\/div><\/div><\/div><\/div><\/div><\/div><\/div><\/section><section class=\"l-section wpb_row height_small\"><div class=\"l-section-h i-cf\"><div class=\"g-cols vc_row via_flex valign_middle type_boxes stacking_default\"><div class=\"vc_col-sm-6 wpb_column vc_column_container\"><div class=\"vc_column-inner\"><div class=\"wpb_wrapper\"><div class=\"wpb_text_column\"><div class=\"wpb_wrapper\"><h3>K\u00e4\u00e4nn\u00f6ksemme ovat aina ihmisen ty\u00f6t\u00e4<\/h3>\n<p>Teknologia, konek\u00e4\u00e4nn\u00f6kset ja teko\u00e4ly ovat edistyneet suurin harppauksin, ja ne ovat tulleet j\u00e4\u00e4d\u00e4kseen. Niihin ei silti pid\u00e4 luottaa sokeasti. Lahokoski Linguistics auttaa varmistamaan, ett\u00e4 konek\u00e4\u00e4nn\u00f6kset ja teko\u00e4lytekstit ovat kielellisesti sujuvia ja sis\u00e4ll\u00f6lt\u00e4\u00e4n oikeellisia. Emme muutenkaan ole tekniikkakammoisia, vaan hy\u00f6dynn\u00e4mme ty\u00f6ss\u00e4mme uusimpia k\u00e4\u00e4nn\u00f6sohjelmistoja. Niiden ansiosta voimme tarjota alennusta paljon toistoa sis\u00e4lt\u00e4vist\u00e4 teksteist\u00e4, ja ne my\u00f6s auttavat pit\u00e4m\u00e4\u00e4n tekstien sanaston ja tyylin yhdenmukaisina. Teknologian ja ihmisen yhteisty\u00f6ll\u00e4 varmistamme, ett\u00e4 saat aina budjettiisi ja tarpeisiisi sopivan k\u00e4\u00e4nn\u00f6ksen.<\/p>\n<\/div><\/div><\/div><\/div><\/div><div class=\"vc_col-sm-6 wpb_column vc_column_container\"><div class=\"vc_column-inner\"><div class=\"wpb_wrapper\"><div class=\"wpb_text_column\"><div class=\"wpb_wrapper\"><h3>Projektisi pysyy meid\u00e4n k\u00e4siss\u00e4mme<\/h3>\n<p>Jotkin k\u00e4\u00e4nn\u00f6syritykset ulkoistavat projekteja muille yrityksille tai freelance-k\u00e4\u00e4nt\u00e4jille. Joskus toimeksianto saattaa kulkea asiakkaalta k\u00e4\u00e4nt\u00e4j\u00e4lle monenkin v\u00e4lik\u00e4den kautta, mik\u00e4 voi mutkistaa yhteydenpitoa, lis\u00e4t\u00e4 kustannuksia, viiv\u00e4stytt\u00e4\u00e4 aikatauluja ja heikent\u00e4\u00e4 tietoturvaa.<\/p>\n<p>Lahokoski Linguisticsin asiakkaana tied\u00e4t tarkalleen, kuka tekstisi k\u00e4\u00e4nt\u00e4\u00e4. Voit my\u00f6s olla suoraan yhteydess\u00e4 k\u00e4\u00e4nt\u00e4j\u00e4\u00e4n, jos projektin aikana tai sen j\u00e4lkeen ilmenee jotakin kysytt\u00e4v\u00e4\u00e4 tai selvitett\u00e4v\u00e4\u00e4. Ilman v\u00e4lik\u00e4si\u00e4 ja suurten yritysten kustannuksia voimme my\u00f6s pit\u00e4\u00e4 hintamme edullisempina.<\/p>\n<\/div><\/div><\/div><\/div><\/div><\/div><\/div><\/section><section class=\"l-section wpb_row height_medium color_primary\"><div class=\"l-section-h i-cf\"><div class=\"g-cols vc_row via_flex valign_top type_default stacking_default\"><div class=\"vc_col-sm-12 wpb_column vc_column_container has-link\"><div class=\"vc_column-inner\"><div class=\"wpb_wrapper\"><div class=\"wpb_text_column\"><div class=\"wpb_wrapper\"><h3 style=\"text-align: center;\">Kaikkiin tarjoamiimme palveluihin sovelletaan Suomen k\u00e4\u00e4nt\u00e4jien ja tulkkien liiton laatimia yleisi\u00e4 sopimusehtoja.<\/h3>\n<\/div><\/div><\/div><\/div><a href=\"http:\/\/www.lahokoski-linguistics.com\/misc\/Terms_Contract_Translations_SKTL.pdf\" class=\"vc_column-link smooth-scroll\" aria-label=\"Linkki\"><\/a><\/div><\/div><\/div><\/section>\n","protected":false},"excerpt":{"rendered":"Keskitymme vahvuuksiimme Pid\u00e4mme ty\u00f6st\u00e4mme ja tunnemme omat vahvuutemme. Otammekin vastaan vain toimeksiantoja, jotka pystymme varmasti toteuttamaan laadukkaasti ja halutussa aikataulussa. Yli 18 vuoden vankka kokemus Lahokoski Linguistics on tarjonnut k\u00e4\u00e4nn\u00f6spalvelua vuodesta 2005 l\u00e4htien ja solminut vuosien varrella lukuisia pitk\u00e4aikaisia asiakassuhteita. Tyytyv\u00e4iset asiakkaat ovat meille kunnia-asia! \u00c4l\u00e4 toki tyydy vain meid\u00e4n sanaamme, vaan lue sivun alaosasta...","protected":false},"author":1,"featured_media":0,"parent":0,"menu_order":0,"comment_status":"closed","ping_status":"closed","template":"","meta":{"footnotes":""},"class_list":["post-285","page","type-page","status-publish","hentry"],"yoast_head":"<!-- This site is optimized with the Yoast SEO plugin v24.6 - https:\/\/yoast.com\/wordpress\/plugins\/seo\/ -->\n<title>Miksi valitsisit meid\u00e4t - Lahokoski Linguistics<\/title>\n<meta name=\"robots\" content=\"index, follow, max-snippet:-1, max-image-preview:large, max-video-preview:-1\" \/>\n<link rel=\"canonical\" href=\"https:\/\/www.lahokoski-linguistics.com\/fi\/miksi-valitsisit-meidat\/\" \/>\n<meta property=\"og:locale\" content=\"fi_FI\" \/>\n<meta property=\"og:type\" content=\"article\" \/>\n<meta property=\"og:title\" content=\"Miksi valitsisit meid\u00e4t - Lahokoski Linguistics\" \/>\n<meta property=\"og:url\" content=\"https:\/\/www.lahokoski-linguistics.com\/fi\/miksi-valitsisit-meidat\/\" \/>\n<meta property=\"og:site_name\" content=\"Lahokoski Linguistics\" \/>\n<meta property=\"article:modified_time\" content=\"2024-02-12T12:33:24+00:00\" \/>\n<meta name=\"twitter:card\" content=\"summary_large_image\" \/>\n<meta name=\"twitter:label1\" content=\"Arvioitu lukuaika\" \/>\n\t<meta name=\"twitter:data1\" content=\"2 minuuttia\" \/>\n<script type=\"application\/ld+json\" class=\"yoast-schema-graph\">{\"@context\":\"https:\/\/schema.org\",\"@graph\":[{\"@type\":\"WebPage\",\"@id\":\"https:\/\/www.lahokoski-linguistics.com\/fi\/miksi-valitsisit-meidat\/\",\"url\":\"https:\/\/www.lahokoski-linguistics.com\/fi\/miksi-valitsisit-meidat\/\",\"name\":\"Miksi valitsisit meid\u00e4t - Lahokoski Linguistics\",\"isPartOf\":{\"@id\":\"https:\/\/www.lahokoski-linguistics.com\/#website\"},\"datePublished\":\"2020-11-04T17:49:29+00:00\",\"dateModified\":\"2024-02-12T12:33:24+00:00\",\"breadcrumb\":{\"@id\":\"https:\/\/www.lahokoski-linguistics.com\/fi\/miksi-valitsisit-meidat\/#breadcrumb\"},\"inLanguage\":\"fi\",\"potentialAction\":[{\"@type\":\"ReadAction\",\"target\":[\"https:\/\/www.lahokoski-linguistics.com\/fi\/miksi-valitsisit-meidat\/\"]}]},{\"@type\":\"BreadcrumbList\",\"@id\":\"https:\/\/www.lahokoski-linguistics.com\/fi\/miksi-valitsisit-meidat\/#breadcrumb\",\"itemListElement\":[{\"@type\":\"ListItem\",\"position\":1,\"name\":\"Home\",\"item\":\"https:\/\/www.lahokoski-linguistics.com\/fi\/\"},{\"@type\":\"ListItem\",\"position\":2,\"name\":\"Miksi valitsisit meid\u00e4t\"}]},{\"@type\":\"WebSite\",\"@id\":\"https:\/\/www.lahokoski-linguistics.com\/#website\",\"url\":\"https:\/\/www.lahokoski-linguistics.com\/\",\"name\":\"Lahokoski Linguistics\",\"description\":\"Finn-tastic Localization services since 2005\",\"publisher\":{\"@id\":\"https:\/\/www.lahokoski-linguistics.com\/#organization\"},\"potentialAction\":[{\"@type\":\"SearchAction\",\"target\":{\"@type\":\"EntryPoint\",\"urlTemplate\":\"https:\/\/www.lahokoski-linguistics.com\/?s={search_term_string}\"},\"query-input\":{\"@type\":\"PropertyValueSpecification\",\"valueRequired\":true,\"valueName\":\"search_term_string\"}}],\"inLanguage\":\"fi\"},{\"@type\":\"Organization\",\"@id\":\"https:\/\/www.lahokoski-linguistics.com\/#organization\",\"name\":\"Lahokoski Linguistics\",\"url\":\"https:\/\/www.lahokoski-linguistics.com\/\",\"logo\":{\"@type\":\"ImageObject\",\"inLanguage\":\"fi\",\"@id\":\"https:\/\/www.lahokoski-linguistics.com\/#\/schema\/logo\/image\/\",\"url\":\"https:\/\/www.lahokoski-linguistics.com\/wp-content\/uploads\/2020\/10\/LL-logo_textonly.png\",\"contentUrl\":\"https:\/\/www.lahokoski-linguistics.com\/wp-content\/uploads\/2020\/10\/LL-logo_textonly.png\",\"width\":845,\"height\":279,\"caption\":\"Lahokoski Linguistics\"},\"image\":{\"@id\":\"https:\/\/www.lahokoski-linguistics.com\/#\/schema\/logo\/image\/\"},\"sameAs\":[\"https:\/\/www.linkedin.com\/in\/lahokoski\/\"]}]}<\/script>\n<!-- \/ Yoast SEO plugin. -->","yoast_head_json":{"title":"Miksi valitsisit meid\u00e4t - Lahokoski Linguistics","robots":{"index":"index","follow":"follow","max-snippet":"max-snippet:-1","max-image-preview":"max-image-preview:large","max-video-preview":"max-video-preview:-1"},"canonical":"https:\/\/www.lahokoski-linguistics.com\/fi\/miksi-valitsisit-meidat\/","og_locale":"fi_FI","og_type":"article","og_title":"Miksi valitsisit meid\u00e4t - Lahokoski Linguistics","og_url":"https:\/\/www.lahokoski-linguistics.com\/fi\/miksi-valitsisit-meidat\/","og_site_name":"Lahokoski Linguistics","article_modified_time":"2024-02-12T12:33:24+00:00","twitter_card":"summary_large_image","twitter_misc":{"Arvioitu lukuaika":"2 minuuttia"},"schema":{"@context":"https:\/\/schema.org","@graph":[{"@type":"WebPage","@id":"https:\/\/www.lahokoski-linguistics.com\/fi\/miksi-valitsisit-meidat\/","url":"https:\/\/www.lahokoski-linguistics.com\/fi\/miksi-valitsisit-meidat\/","name":"Miksi valitsisit meid\u00e4t - Lahokoski Linguistics","isPartOf":{"@id":"https:\/\/www.lahokoski-linguistics.com\/#website"},"datePublished":"2020-11-04T17:49:29+00:00","dateModified":"2024-02-12T12:33:24+00:00","breadcrumb":{"@id":"https:\/\/www.lahokoski-linguistics.com\/fi\/miksi-valitsisit-meidat\/#breadcrumb"},"inLanguage":"fi","potentialAction":[{"@type":"ReadAction","target":["https:\/\/www.lahokoski-linguistics.com\/fi\/miksi-valitsisit-meidat\/"]}]},{"@type":"BreadcrumbList","@id":"https:\/\/www.lahokoski-linguistics.com\/fi\/miksi-valitsisit-meidat\/#breadcrumb","itemListElement":[{"@type":"ListItem","position":1,"name":"Home","item":"https:\/\/www.lahokoski-linguistics.com\/fi\/"},{"@type":"ListItem","position":2,"name":"Miksi valitsisit meid\u00e4t"}]},{"@type":"WebSite","@id":"https:\/\/www.lahokoski-linguistics.com\/#website","url":"https:\/\/www.lahokoski-linguistics.com\/","name":"Lahokoski Linguistics","description":"Finn-tastic Localization services since 2005","publisher":{"@id":"https:\/\/www.lahokoski-linguistics.com\/#organization"},"potentialAction":[{"@type":"SearchAction","target":{"@type":"EntryPoint","urlTemplate":"https:\/\/www.lahokoski-linguistics.com\/?s={search_term_string}"},"query-input":{"@type":"PropertyValueSpecification","valueRequired":true,"valueName":"search_term_string"}}],"inLanguage":"fi"},{"@type":"Organization","@id":"https:\/\/www.lahokoski-linguistics.com\/#organization","name":"Lahokoski Linguistics","url":"https:\/\/www.lahokoski-linguistics.com\/","logo":{"@type":"ImageObject","inLanguage":"fi","@id":"https:\/\/www.lahokoski-linguistics.com\/#\/schema\/logo\/image\/","url":"https:\/\/www.lahokoski-linguistics.com\/wp-content\/uploads\/2020\/10\/LL-logo_textonly.png","contentUrl":"https:\/\/www.lahokoski-linguistics.com\/wp-content\/uploads\/2020\/10\/LL-logo_textonly.png","width":845,"height":279,"caption":"Lahokoski Linguistics"},"image":{"@id":"https:\/\/www.lahokoski-linguistics.com\/#\/schema\/logo\/image\/"},"sameAs":["https:\/\/www.linkedin.com\/in\/lahokoski\/"]}]}},"_links":{"self":[{"href":"https:\/\/www.lahokoski-linguistics.com\/fi\/wp-json\/wp\/v2\/pages\/285","targetHints":{"allow":["GET"]}}],"collection":[{"href":"https:\/\/www.lahokoski-linguistics.com\/fi\/wp-json\/wp\/v2\/pages"}],"about":[{"href":"https:\/\/www.lahokoski-linguistics.com\/fi\/wp-json\/wp\/v2\/types\/page"}],"author":[{"embeddable":true,"href":"https:\/\/www.lahokoski-linguistics.com\/fi\/wp-json\/wp\/v2\/users\/1"}],"replies":[{"embeddable":true,"href":"https:\/\/www.lahokoski-linguistics.com\/fi\/wp-json\/wp\/v2\/comments?post=285"}],"version-history":[{"count":10,"href":"https:\/\/www.lahokoski-linguistics.com\/fi\/wp-json\/wp\/v2\/pages\/285\/revisions"}],"predecessor-version":[{"id":380,"href":"https:\/\/www.lahokoski-linguistics.com\/fi\/wp-json\/wp\/v2\/pages\/285\/revisions\/380"}],"wp:attachment":[{"href":"https:\/\/www.lahokoski-linguistics.com\/fi\/wp-json\/wp\/v2\/media?parent=285"}],"curies":[{"name":"wp","href":"https:\/\/api.w.org\/{rel}","templated":true}]}}