{"id":288,"date":"2020-11-04T17:50:44","date_gmt":"2020-11-04T17:50:44","guid":{"rendered":"http:\/\/www.lahokoski-linguistics.com\/ota-yhteytta\/"},"modified":"2024-02-01T11:50:44","modified_gmt":"2024-02-01T11:50:44","slug":"ota-yhteytta","status":"publish","type":"page","link":"https:\/\/www.lahokoski-linguistics.com\/fi\/ota-yhteytta\/","title":{"rendered":"Ota yhteytt\u00e4"},"content":{"rendered":"<section class=\"l-section wpb_row height_large color_primary with_img\"><div class=\"l-section-img\" data-img-width=\"728\" data-img-height=\"360\" style=\"background-image: url(https:\/\/www.lahokoski-linguistics.com\/wp-content\/uploads\/2020\/10\/super-mario-bros-mushroom.jpg);background-position: bottom center;\"><\/div><div class=\"l-section-overlay\" style=\"background:rgba(26,26,26,0.65)\"><\/div><div class=\"l-section-h i-cf\"><div class=\"g-cols vc_row via_flex valign_top type_default stacking_default\"><div class=\"vc_col-sm-8 wpb_column vc_column_container\"><div class=\"vc_column-inner\"><div class=\"wpb_wrapper\"><div class=\"wpb_text_column\"><div class=\"wpb_wrapper\"><h1>Pyyd\u00e4 lis\u00e4tietoja palveluistamme tai tee tarjouspyynt\u00f6!<\/h1>\n<\/div><\/div><\/div><\/div><\/div><div class=\"vc_col-sm-4 wpb_column vc_column_container\"><div class=\"vc_column-inner\"><div class=\"wpb_wrapper\"><\/div><\/div><\/div><\/div><\/div><\/section><section class=\"l-section wpb_row height_medium\"><div class=\"l-section-h i-cf\"><div class=\"g-cols vc_row via_flex valign_top type_default stacking_default\"><div class=\"vc_col-sm-6 wpb_column vc_column_container\"><div class=\"vc_column-inner\"><div class=\"wpb_wrapper\"><div class=\"wpb_text_column\"><div class=\"wpb_wrapper\"><h2>Kerro projektistasi mahdollisimman tarkkaan:<\/h2>\n<ul>\n<li>Haluttu palvelu<\/li>\n<li>K\u00e4\u00e4nnett\u00e4v\u00e4n\/editoitavan tekstin aihealue<\/li>\n<li>Sanam\u00e4\u00e4r\u00e4 tai arvio laajuudesta<\/li>\n<li>Toivottu toimitusaika<\/li>\n<\/ul>\n<p>Vastaamme tiedusteluusi mahdollisimman pian.<\/p>\n<\/div><\/div><div class=\"w-separator size_large\"><\/div><div class=\"wpb_text_column\"><div class=\"wpb_wrapper\"><h1>Lahokoski Linguistics<br \/>\nTurku<br \/>\nALV-tunnus: 1962293-4<\/h1>\n<\/div><\/div><\/div><\/div><\/div><div class=\"vc_col-sm-6 wpb_column vc_column_container\"><div class=\"vc_column-inner\"><div class=\"wpb_wrapper\">\n<div class=\"wpcf7 no-js\" id=\"wpcf7-f170-o1\" lang=\"en-US\" dir=\"ltr\" data-wpcf7-id=\"170\">\n<div class=\"screen-reader-response\"><p role=\"status\" aria-live=\"polite\" aria-atomic=\"true\"><\/p> <ul><\/ul><\/div>\n<form action=\"\/fi\/wp-json\/wp\/v2\/pages\/288#wpcf7-f170-o1\" method=\"post\" class=\"wpcf7-form init\" aria-label=\"Contact form\" enctype=\"multipart\/form-data\" novalidate=\"novalidate\" data-status=\"init\">\n<div style=\"display: none;\">\n<input type=\"hidden\" name=\"_wpcf7\" value=\"170\" \/>\n<input type=\"hidden\" name=\"_wpcf7_version\" value=\"6.0.4\" \/>\n<input type=\"hidden\" name=\"_wpcf7_locale\" value=\"en_US\" \/>\n<input type=\"hidden\" name=\"_wpcf7_unit_tag\" value=\"wpcf7-f170-o1\" \/>\n<input type=\"hidden\" name=\"_wpcf7_container_post\" value=\"0\" \/>\n<input type=\"hidden\" name=\"_wpcf7_posted_data_hash\" value=\"\" \/>\n<input type=\"hidden\" name=\"_wpcf7_recaptcha_response\" value=\"\" \/>\n<\/div>\n<p>Name\n<\/p>\n<p><span class=\"wpcf7-form-control-wrap\" data-name=\"your-name\"><input size=\"40\" maxlength=\"400\" class=\"wpcf7-form-control wpcf7-text\" aria-invalid=\"false\" value=\"\" type=\"text\" name=\"your-name\" \/><\/span>\n<\/p>\n<p>Email\n<\/p>\n<p><span class=\"wpcf7-form-control-wrap\" data-name=\"your-email\"><input size=\"40\" maxlength=\"400\" class=\"wpcf7-form-control wpcf7-email wpcf7-validates-as-required wpcf7-text wpcf7-validates-as-email\" aria-required=\"true\" aria-invalid=\"false\" value=\"\" type=\"email\" name=\"your-email\" \/><\/span>\n<\/p>\n<p>Subject\n<\/p>\n<p><span class=\"wpcf7-form-control-wrap\" data-name=\"your-subject\"><input size=\"40\" maxlength=\"400\" class=\"wpcf7-form-control wpcf7-text\" aria-invalid=\"false\" value=\"\" type=\"text\" name=\"your-subject\" \/><\/span>\n<\/p>\n<p>Message\n<\/p>\n<p><span class=\"wpcf7-form-control-wrap\" data-name=\"your-message\"><textarea cols=\"40\" rows=\"10\" maxlength=\"2000\" class=\"wpcf7-form-control wpcf7-textarea wpcf7-validates-as-required\" aria-required=\"true\" aria-invalid=\"false\" name=\"your-message\"><\/textarea><\/span>\n<\/p>\n<p>Attach file\n<\/p>\n<p><span class=\"wpcf7-form-control-wrap\" data-name=\"file-upload\"><input size=\"40\" class=\"wpcf7-form-control wpcf7-file\" accept=\"audio\/*,video\/*,image\/*\" aria-invalid=\"false\" type=\"file\" name=\"file-upload\" \/><\/span>\n<\/p>\n<p><input class=\"wpcf7-form-control wpcf7-submit has-spinner\" type=\"submit\" value=\"Contact Lahokoski Linguistics\" \/>\n<\/p><div class=\"wpcf7-response-output\" aria-hidden=\"true\"><\/div>\n<\/form>\n<\/div>\n<\/div><\/div><\/div><\/div><\/div><\/section>\n","protected":false},"excerpt":{"rendered":"Pyyd\u00e4 lis\u00e4tietoja palveluistamme tai tee tarjouspyynt\u00f6! Kerro projektistasi mahdollisimman tarkkaan: Haluttu palvelu K\u00e4\u00e4nnett\u00e4v\u00e4n\/editoitavan tekstin aihealue Sanam\u00e4\u00e4r\u00e4 tai arvio laajuudesta Toivottu toimitusaika Vastaamme tiedusteluusi mahdollisimman pian. Lahokoski Linguistics Turku ALV-tunnus: 1962293-4 Name Email Subject Message Attach file","protected":false},"author":1,"featured_media":0,"parent":0,"menu_order":0,"comment_status":"closed","ping_status":"closed","template":"","meta":{"footnotes":""},"class_list":["post-288","page","type-page","status-publish","hentry"],"yoast_head":"<!-- This site is optimized with the Yoast SEO plugin v24.6 - https:\/\/yoast.com\/wordpress\/plugins\/seo\/ -->\n<title>Ota yhteytt\u00e4 - Lahokoski Linguistics<\/title>\n<meta name=\"robots\" content=\"index, follow, max-snippet:-1, max-image-preview:large, max-video-preview:-1\" \/>\n<link rel=\"canonical\" href=\"https:\/\/www.lahokoski-linguistics.com\/fi\/ota-yhteytta\/\" \/>\n<meta property=\"og:locale\" content=\"fi_FI\" \/>\n<meta property=\"og:type\" content=\"article\" \/>\n<meta property=\"og:title\" content=\"Ota yhteytt\u00e4 - Lahokoski Linguistics\" \/>\n<meta property=\"og:url\" content=\"https:\/\/www.lahokoski-linguistics.com\/fi\/ota-yhteytta\/\" \/>\n<meta property=\"og:site_name\" content=\"Lahokoski Linguistics\" \/>\n<meta property=\"article:modified_time\" content=\"2024-02-01T11:50:44+00:00\" \/>\n<meta name=\"twitter:card\" content=\"summary_large_image\" \/>\n<meta name=\"twitter:label1\" content=\"Arvioitu lukuaika\" \/>\n\t<meta name=\"twitter:data1\" content=\"1 minuutti\" \/>\n<script type=\"application\/ld+json\" class=\"yoast-schema-graph\">{\"@context\":\"https:\/\/schema.org\",\"@graph\":[{\"@type\":\"WebPage\",\"@id\":\"https:\/\/www.lahokoski-linguistics.com\/fi\/ota-yhteytta\/\",\"url\":\"https:\/\/www.lahokoski-linguistics.com\/fi\/ota-yhteytta\/\",\"name\":\"Ota yhteytt\u00e4 - Lahokoski Linguistics\",\"isPartOf\":{\"@id\":\"https:\/\/www.lahokoski-linguistics.com\/#website\"},\"datePublished\":\"2020-11-04T17:50:44+00:00\",\"dateModified\":\"2024-02-01T11:50:44+00:00\",\"breadcrumb\":{\"@id\":\"https:\/\/www.lahokoski-linguistics.com\/fi\/ota-yhteytta\/#breadcrumb\"},\"inLanguage\":\"fi\",\"potentialAction\":[{\"@type\":\"ReadAction\",\"target\":[\"https:\/\/www.lahokoski-linguistics.com\/fi\/ota-yhteytta\/\"]}]},{\"@type\":\"BreadcrumbList\",\"@id\":\"https:\/\/www.lahokoski-linguistics.com\/fi\/ota-yhteytta\/#breadcrumb\",\"itemListElement\":[{\"@type\":\"ListItem\",\"position\":1,\"name\":\"Home\",\"item\":\"https:\/\/www.lahokoski-linguistics.com\/fi\/\"},{\"@type\":\"ListItem\",\"position\":2,\"name\":\"Ota yhteytt\u00e4\"}]},{\"@type\":\"WebSite\",\"@id\":\"https:\/\/www.lahokoski-linguistics.com\/#website\",\"url\":\"https:\/\/www.lahokoski-linguistics.com\/\",\"name\":\"Lahokoski Linguistics\",\"description\":\"Finn-tastic Localization services since 2005\",\"publisher\":{\"@id\":\"https:\/\/www.lahokoski-linguistics.com\/#organization\"},\"potentialAction\":[{\"@type\":\"SearchAction\",\"target\":{\"@type\":\"EntryPoint\",\"urlTemplate\":\"https:\/\/www.lahokoski-linguistics.com\/?s={search_term_string}\"},\"query-input\":{\"@type\":\"PropertyValueSpecification\",\"valueRequired\":true,\"valueName\":\"search_term_string\"}}],\"inLanguage\":\"fi\"},{\"@type\":\"Organization\",\"@id\":\"https:\/\/www.lahokoski-linguistics.com\/#organization\",\"name\":\"Lahokoski Linguistics\",\"url\":\"https:\/\/www.lahokoski-linguistics.com\/\",\"logo\":{\"@type\":\"ImageObject\",\"inLanguage\":\"fi\",\"@id\":\"https:\/\/www.lahokoski-linguistics.com\/#\/schema\/logo\/image\/\",\"url\":\"https:\/\/www.lahokoski-linguistics.com\/wp-content\/uploads\/2020\/10\/LL-logo_textonly.png\",\"contentUrl\":\"https:\/\/www.lahokoski-linguistics.com\/wp-content\/uploads\/2020\/10\/LL-logo_textonly.png\",\"width\":845,\"height\":279,\"caption\":\"Lahokoski Linguistics\"},\"image\":{\"@id\":\"https:\/\/www.lahokoski-linguistics.com\/#\/schema\/logo\/image\/\"},\"sameAs\":[\"https:\/\/www.linkedin.com\/in\/lahokoski\/\"]}]}<\/script>\n<!-- \/ Yoast SEO plugin. -->","yoast_head_json":{"title":"Ota yhteytt\u00e4 - Lahokoski Linguistics","robots":{"index":"index","follow":"follow","max-snippet":"max-snippet:-1","max-image-preview":"max-image-preview:large","max-video-preview":"max-video-preview:-1"},"canonical":"https:\/\/www.lahokoski-linguistics.com\/fi\/ota-yhteytta\/","og_locale":"fi_FI","og_type":"article","og_title":"Ota yhteytt\u00e4 - Lahokoski Linguistics","og_url":"https:\/\/www.lahokoski-linguistics.com\/fi\/ota-yhteytta\/","og_site_name":"Lahokoski Linguistics","article_modified_time":"2024-02-01T11:50:44+00:00","twitter_card":"summary_large_image","twitter_misc":{"Arvioitu lukuaika":"1 minuutti"},"schema":{"@context":"https:\/\/schema.org","@graph":[{"@type":"WebPage","@id":"https:\/\/www.lahokoski-linguistics.com\/fi\/ota-yhteytta\/","url":"https:\/\/www.lahokoski-linguistics.com\/fi\/ota-yhteytta\/","name":"Ota yhteytt\u00e4 - Lahokoski Linguistics","isPartOf":{"@id":"https:\/\/www.lahokoski-linguistics.com\/#website"},"datePublished":"2020-11-04T17:50:44+00:00","dateModified":"2024-02-01T11:50:44+00:00","breadcrumb":{"@id":"https:\/\/www.lahokoski-linguistics.com\/fi\/ota-yhteytta\/#breadcrumb"},"inLanguage":"fi","potentialAction":[{"@type":"ReadAction","target":["https:\/\/www.lahokoski-linguistics.com\/fi\/ota-yhteytta\/"]}]},{"@type":"BreadcrumbList","@id":"https:\/\/www.lahokoski-linguistics.com\/fi\/ota-yhteytta\/#breadcrumb","itemListElement":[{"@type":"ListItem","position":1,"name":"Home","item":"https:\/\/www.lahokoski-linguistics.com\/fi\/"},{"@type":"ListItem","position":2,"name":"Ota yhteytt\u00e4"}]},{"@type":"WebSite","@id":"https:\/\/www.lahokoski-linguistics.com\/#website","url":"https:\/\/www.lahokoski-linguistics.com\/","name":"Lahokoski Linguistics","description":"Finn-tastic Localization services since 2005","publisher":{"@id":"https:\/\/www.lahokoski-linguistics.com\/#organization"},"potentialAction":[{"@type":"SearchAction","target":{"@type":"EntryPoint","urlTemplate":"https:\/\/www.lahokoski-linguistics.com\/?s={search_term_string}"},"query-input":{"@type":"PropertyValueSpecification","valueRequired":true,"valueName":"search_term_string"}}],"inLanguage":"fi"},{"@type":"Organization","@id":"https:\/\/www.lahokoski-linguistics.com\/#organization","name":"Lahokoski Linguistics","url":"https:\/\/www.lahokoski-linguistics.com\/","logo":{"@type":"ImageObject","inLanguage":"fi","@id":"https:\/\/www.lahokoski-linguistics.com\/#\/schema\/logo\/image\/","url":"https:\/\/www.lahokoski-linguistics.com\/wp-content\/uploads\/2020\/10\/LL-logo_textonly.png","contentUrl":"https:\/\/www.lahokoski-linguistics.com\/wp-content\/uploads\/2020\/10\/LL-logo_textonly.png","width":845,"height":279,"caption":"Lahokoski Linguistics"},"image":{"@id":"https:\/\/www.lahokoski-linguistics.com\/#\/schema\/logo\/image\/"},"sameAs":["https:\/\/www.linkedin.com\/in\/lahokoski\/"]}]}},"_links":{"self":[{"href":"https:\/\/www.lahokoski-linguistics.com\/fi\/wp-json\/wp\/v2\/pages\/288","targetHints":{"allow":["GET"]}}],"collection":[{"href":"https:\/\/www.lahokoski-linguistics.com\/fi\/wp-json\/wp\/v2\/pages"}],"about":[{"href":"https:\/\/www.lahokoski-linguistics.com\/fi\/wp-json\/wp\/v2\/types\/page"}],"author":[{"embeddable":true,"href":"https:\/\/www.lahokoski-linguistics.com\/fi\/wp-json\/wp\/v2\/users\/1"}],"replies":[{"embeddable":true,"href":"https:\/\/www.lahokoski-linguistics.com\/fi\/wp-json\/wp\/v2\/comments?post=288"}],"version-history":[{"count":5,"href":"https:\/\/www.lahokoski-linguistics.com\/fi\/wp-json\/wp\/v2\/pages\/288\/revisions"}],"predecessor-version":[{"id":366,"href":"https:\/\/www.lahokoski-linguistics.com\/fi\/wp-json\/wp\/v2\/pages\/288\/revisions\/366"}],"wp:attachment":[{"href":"https:\/\/www.lahokoski-linguistics.com\/fi\/wp-json\/wp\/v2\/media?parent=288"}],"curies":[{"name":"wp","href":"https:\/\/api.w.org\/{rel}","templated":true}]}}